{"id":3420,"date":"2020-10-13T09:43:47","date_gmt":"2020-10-13T07:43:47","guid":{"rendered":"https:\/\/bioteca.eu\/?post_type=product&#038;p=3420"},"modified":"2025-01-11T20:09:37","modified_gmt":"2025-01-11T19:09:37","slug":"cannatonic-5g","status":"publish","type":"product","link":"https:\/\/bioteca.eu\/it\/negozio\/cannatonic-5g\/","title":{"rendered":"CANNATONIC 5g &#8211; Infiorescenza di Canapa Light"},"content":{"rendered":"<p><span class=\"TextRun Highlight SCXW37285668 BCX7\" data-contrast=\"none\"><span class=\"NormalTextRun SCXW37285668 BCX7\">Cannatonic \u00e8 un ceppo ibrido unico allevato dalla banca del seme spagnolo Resin Seeds, specificamente per il suo basso contenuto di THC e l&#8217;alto contenuto di CBD.\u00a0 Un incrocio tra una femmina MK Ultra e\u00a0<\/span><\/span><span class=\"TextRun Highlight SCXW37285668 BCX7\" lang=\"IT-IT\" xml:lang=\"IT-IT\" data-contrast=\"none\"><span class=\"NormalTextRun SCXW37285668 BCX7\">il<\/span><\/span><span class=\"TextRun Highlight SCXW37285668 BCX7\" data-contrast=\"none\"><span class=\"NormalTextRun SCXW37285668 BCX7\">\u00a0famoso maschio Haze G13 Haze, produce un\u00a0<\/span><\/span><span class=\"TextRun Highlight SCXW37285668 BCX7\" lang=\"IT-IT\" xml:lang=\"IT-IT\" data-contrast=\"none\"><span class=\"NormalTextRun SCXW37285668 BCX7\">effetto di euforia<\/span><\/span><span class=\"TextRun Highlight SCXW37285668 BCX7\" data-contrast=\"none\"><span class=\"NormalTextRun SCXW37285668 BCX7\">\u00a0relativamente breve e\u00a0<\/span><\/span><span class=\"TextRun Highlight SCXW37285668 BCX7\" lang=\"IT-IT\" xml:lang=\"IT-IT\" data-contrast=\"none\"><span class=\"NormalTextRun SCXW37285668 BCX7\">leggere,<\/span><\/span><span class=\"TextRun Highlight SCXW37285668 BCX7\" data-contrast=\"none\"><span class=\"NormalTextRun SCXW37285668 BCX7\">\u00a0che \u00e8 anche fortemente rilassante, grazie all&#8217;alto contenuto di CBD.\u00a0 Come uno dei principali ceppi medici, Cannatonic \u00e8 spesso usato per trattare\u00a0<\/span><\/span><span class=\"TextRun Highlight SCXW37285668 BCX7\" lang=\"IT-IT\" xml:lang=\"IT-IT\" data-contrast=\"none\"><span class=\"NormalTextRun SCXW37285668 BCX7\">i<\/span><\/span><span class=\"TextRun Highlight SCXW37285668 BCX7\" data-contrast=\"none\"><span class=\"NormalTextRun SCXW37285668 BCX7\">\u00a0dolor<\/span><\/span><span class=\"TextRun Highlight SCXW37285668 BCX7\" lang=\"IT-IT\" xml:lang=\"IT-IT\" data-contrast=\"none\"><span class=\"NormalTextRun SCXW37285668 BCX7\">i<\/span><\/span><span class=\"TextRun Highlight SCXW37285668 BCX7\" data-contrast=\"none\"><span class=\"NormalTextRun SCXW37285668 BCX7\">, spasmi muscolari, ansia, emicrania, e una grande variet\u00e0 di altri sintomi fisiologici e psicologici.\u00a0 La maggior parte dei fenotipi sono presenti con un leggero odore di terra e un sapore dolce, dolce,\u00a0<\/span><\/span><span class=\"TextRun Highlight SCXW37285668 BCX7\" lang=\"IT-IT\" xml:lang=\"IT-IT\" data-contrast=\"none\"><span class=\"NormalTextRun SCXW37285668 BCX7\">un po\u2019<\/span><\/span><span class=\"TextRun Highlight SCXW37285668 BCX7\" data-contrast=\"none\"><span class=\"NormalTextRun SCXW37285668 BCX7\">\u00a0agrumato.<\/span><\/span><span class=\"EOP SCXW37285668 BCX7\" data-ccp-props=\"{}\">\u00a0<\/span><\/p>\n","protected":false},"excerpt":{"rendered":"<p>La Bioteca Cannatonic \u00e8 un\u2019erba di ottima qualit\u00e0. Il profumo fresco e dolce delizier\u00e0 tutti gli amanti dei prodotti di qualit\u00e0. Un prodotto che non vi deluder\u00e0 di certo.<\/p>\n<ul>\n<li><b>Quantit\u00e0:<\/b>\u00a05g<\/li>\n<li><b>Tasso THC:<\/b>\u00a00,5%<\/li>\n<li><b>Tasso CBD:<\/b>\u00a011,7%<\/li>\n<li><b>Sapore:<\/b>\u00a0Dolce, sapore agrumato<\/li>\n<li><b>Cultura:<\/b>\u00a0Interna<\/li>\n<\/ul>\n","protected":false},"featured_media":3427,"comment_status":"open","ping_status":"closed","template":"","meta":[],"yoast_head":"<!-- This site is optimized with the Yoast SEO Premium plugin v15.2.1 - https:\/\/yoast.com\/wordpress\/plugins\/seo\/ -->\n<title>CANNATONIC 5g - Infiorescenza di Canapa Light - Bioteca<\/title>\n<meta name=\"robots\" content=\"index, follow, max-snippet:-1, max-image-preview:large, max-video-preview:-1\" \/>\n<link rel=\"canonical\" href=\"https:\/\/bioteca.eu\/it\/negozio\/cannatonic-5g\/\" \/>\n<meta property=\"og:locale\" content=\"it_IT\" \/>\n<meta property=\"og:type\" content=\"article\" \/>\n<meta property=\"og:title\" content=\"CANNATONIC 5g - Infiorescenza di Canapa Light - Bioteca\" \/>\n<meta property=\"og:description\" content=\"La Bioteca Cannatonic \u00e8 un\u2019erba di ottima qualit\u00e0. Il profumo fresco e dolce delizier\u00e0 tutti gli amanti dei prodotti di qualit\u00e0. Un prodotto che non vi deluder\u00e0 di certo.   Quantit\u00e0:\u00a05g  Tasso THC:\u00a00,5%  Tasso CBD:\u00a011,7%  Sapore:\u00a0Dolce, sapore agrumato  Cultura:\u00a0Interna\" \/>\n<meta property=\"og:url\" content=\"https:\/\/bioteca.eu\/it\/negozio\/cannatonic-5g\/\" \/>\n<meta property=\"og:site_name\" content=\"Bioteca\" \/>\n<meta property=\"article:publisher\" content=\"https:\/\/www.facebook.com\/bioteca.eu\" \/>\n<meta property=\"article:modified_time\" content=\"2025-01-11T19:09:37+00:00\" \/>\n<meta property=\"og:image\" content=\"https:\/\/bioteca.eu\/wp-content\/uploads\/2020\/10\/Bioteca_Cannabis_Light_Cannatonic_5g-1024x1024-1.jpg\" \/>\n\t<meta property=\"og:image:width\" content=\"1024\" \/>\n\t<meta property=\"og:image:height\" content=\"1024\" \/>\n<meta name=\"twitter:card\" content=\"summary_large_image\" \/>\n<meta name=\"twitter:label1\" content=\"Scritto da\">\n\t<meta name=\"twitter:data1\" content=\"joco\">\n\t<meta name=\"twitter:label2\" content=\"Tempo di lettura stimato\">\n\t<meta name=\"twitter:data2\" content=\"0 minuti\">\n<script type=\"application\/ld+json\" class=\"yoast-schema-graph\">{\"@context\":\"https:\/\/schema.org\",\"@graph\":[{\"@type\":\"Organization\",\"@id\":\"https:\/\/bioteca.eu\/#organization\",\"name\":\"Bioteca\",\"url\":\"https:\/\/bioteca.eu\/\",\"sameAs\":[\"https:\/\/www.facebook.com\/bioteca.eu\",\"https:\/\/www.instagram.com\/bioteca.cbd\/\",\"https:\/\/www.linkedin.com\/company\/biotecaofficial\/\"],\"logo\":{\"@type\":\"ImageObject\",\"@id\":\"https:\/\/bioteca.eu\/#logo\",\"inLanguage\":\"it-IT\",\"url\":\"https:\/\/bioteca.eu\/wp-content\/uploads\/2020\/10\/bioteca_logo_1@4x.png\",\"width\":3543,\"height\":3543,\"caption\":\"Bioteca\"},\"image\":{\"@id\":\"https:\/\/bioteca.eu\/#logo\"}},{\"@type\":\"WebSite\",\"@id\":\"https:\/\/bioteca.eu\/#website\",\"url\":\"https:\/\/bioteca.eu\/\",\"name\":\"Bioteca\",\"description\":\"Najdi svoje ravnovesje\",\"publisher\":{\"@id\":\"https:\/\/bioteca.eu\/#organization\"},\"potentialAction\":[{\"@type\":\"SearchAction\",\"target\":\"https:\/\/bioteca.eu\/?s={search_term_string}\",\"query-input\":\"required name=search_term_string\"}],\"inLanguage\":\"it-IT\"},{\"@type\":\"ImageObject\",\"@id\":\"https:\/\/bioteca.eu\/it\/negozio\/cannatonic-5g\/#primaryimage\",\"inLanguage\":\"it-IT\",\"url\":\"https:\/\/bioteca.eu\/wp-content\/uploads\/2020\/10\/Bioteca_Cannabis_Light_Cannatonic_5g-1024x1024-1.jpg\",\"width\":1024,\"height\":1024},{\"@type\":\"WebPage\",\"@id\":\"https:\/\/bioteca.eu\/it\/negozio\/cannatonic-5g\/#webpage\",\"url\":\"https:\/\/bioteca.eu\/it\/negozio\/cannatonic-5g\/\",\"name\":\"CANNATONIC 5g - Infiorescenza di Canapa Light - Bioteca\",\"isPartOf\":{\"@id\":\"https:\/\/bioteca.eu\/#website\"},\"primaryImageOfPage\":{\"@id\":\"https:\/\/bioteca.eu\/it\/negozio\/cannatonic-5g\/#primaryimage\"},\"datePublished\":\"2020-10-13T07:43:47+00:00\",\"dateModified\":\"2025-01-11T19:09:37+00:00\",\"inLanguage\":\"it-IT\",\"potentialAction\":[{\"@type\":\"ReadAction\",\"target\":[\"https:\/\/bioteca.eu\/it\/negozio\/cannatonic-5g\/\"]}]}]}<\/script>\n<!-- \/ Yoast SEO Premium plugin. -->","_links":{"self":[{"href":"https:\/\/bioteca.eu\/it\/wp-json\/wp\/v2\/product\/3420"}],"collection":[{"href":"https:\/\/bioteca.eu\/it\/wp-json\/wp\/v2\/product"}],"about":[{"href":"https:\/\/bioteca.eu\/it\/wp-json\/wp\/v2\/types\/product"}],"replies":[{"embeddable":true,"href":"https:\/\/bioteca.eu\/it\/wp-json\/wp\/v2\/comments?post=3420"}],"wp:featuredmedia":[{"embeddable":true,"href":"https:\/\/bioteca.eu\/it\/wp-json\/wp\/v2\/media\/3427"}],"wp:attachment":[{"href":"https:\/\/bioteca.eu\/it\/wp-json\/wp\/v2\/media?parent=3420"}],"curies":[{"name":"wp","href":"https:\/\/api.w.org\/{rel}","templated":true}]}}