{"id":3387,"date":"2020-10-13T09:08:23","date_gmt":"2020-10-13T07:08:23","guid":{"rendered":"https:\/\/bioteca.eu\/?post_type=product&#038;p=3387"},"modified":"2025-01-11T20:09:57","modified_gmt":"2025-01-11T19:09:57","slug":"harley-quinn-2g","status":"publish","type":"product","link":"https:\/\/bioteca.eu\/it\/negozio\/harley-quinn-2g\/","title":{"rendered":"HARLEY QUINN 2g &#8211; Infiorescenza di Canapa Light"},"content":{"rendered":"<p><span data-contrast=\"auto\">Harley Quin \u00e8 un ceppo a dominanza sativa 75\/25 rinomato per la sua\u00a0<\/span><span data-contrast=\"auto\">manifestazione<\/span><span data-contrast=\"auto\">\u00a0affidabile del CBD. Discendente di Colombian Gold, un\u2019indica nepalese, e di ceppi di razza thailandese e svizzera, Harley Quin\u00a0<\/span><span data-contrast=\"auto\">garantisce<\/span><span data-contrast=\"auto\">\u00a0effetti\u00a0<\/span><span data-contrast=\"auto\">di\u00a0<\/span><span data-contrast=\"auto\">sativa chiari e vigili.\u00a0<\/span><span data-ccp-props=\"{}\">\u00a0<\/span><\/p>\n<p><span data-contrast=\"auto\">Gli alti livelli di CBD di Harley Quin rendono questo ceppo uno dei pi\u00f9 efficaci per il trattamento del dolore e dell\u2019ansia, poich\u00e9 il CBD pu\u00f2 contrastare la paranoia del THC amplificandone le propriet\u00e0 antidolorifiche. I sapori\u00a0<\/span><span data-contrast=\"auto\">vanno<\/span><span data-contrast=\"auto\">\u00a0dal muschio terroso al mango dolce, ma senza dubbio ci\u00f2 che attira\u00a0<\/span><span data-contrast=\"auto\">in<\/span><span data-contrast=\"auto\">\u00a0<\/span><span data-contrast=\"auto\">Harley Quinn<\/span><span data-contrast=\"auto\">\u00a0\u00e8 la sua capacit\u00e0 di\u00a0<\/span><span data-contrast=\"auto\">far\u00a0<\/span><span data-contrast=\"auto\">rilassar<\/span><span data-contrast=\"auto\">e<\/span><span data-contrast=\"auto\">\u00a0senza sedativi e di alleviare senza intossicar<\/span><span data-contrast=\"auto\">e<\/span><span data-contrast=\"auto\">.<\/span><span data-ccp-props=\"{}\">\u00a0<\/span><\/p>\n","protected":false},"excerpt":{"rendered":"<p>Harley Quinn \u00e8 un magnifica erba con bei boccioli di colore verde chiaro pieni di tricomi. Il suo profumo delizier\u00e0 tutti gli amanti dei prodotti di qualit\u00e0. Un prodotto che non vi deluder\u00e0 di certo.<\/p>\n<ul>\n<li><b>Quantit\u00e0:<\/b>\u00a02g<\/li>\n<li><b>Tasso THC:<\/b>\u00a00,5%<\/li>\n<li><b>Tasso CBD:<\/b>\u00a011,6%<\/li>\n<li><b>Sapore:<\/b>\u00a0Dolce, fruttato<\/li>\n<li><b>Cultura:<\/b>\u00a0Interna<\/li>\n<\/ul>\n","protected":false},"featured_media":3394,"comment_status":"open","ping_status":"closed","template":"","meta":[],"yoast_head":"<!-- This site is optimized with the Yoast SEO Premium plugin v15.2.1 - https:\/\/yoast.com\/wordpress\/plugins\/seo\/ -->\n<title>HARLEY QUINN 2g - Infiorescenza di Canapa Light - Bioteca<\/title>\n<meta name=\"robots\" content=\"index, follow, max-snippet:-1, max-image-preview:large, max-video-preview:-1\" \/>\n<link rel=\"canonical\" href=\"https:\/\/bioteca.eu\/it\/negozio\/harley-quinn-2g\/\" \/>\n<meta property=\"og:locale\" content=\"it_IT\" \/>\n<meta property=\"og:type\" content=\"article\" \/>\n<meta property=\"og:title\" content=\"HARLEY QUINN 2g - Infiorescenza di Canapa Light - Bioteca\" \/>\n<meta property=\"og:description\" content=\"Harley Quinn \u00e8 un magnifica erba con bei boccioli di colore verde chiaro pieni di tricomi. Il suo profumo delizier\u00e0 tutti gli amanti dei prodotti di qualit\u00e0. Un prodotto che non vi deluder\u00e0 di certo.   Quantit\u00e0:\u00a02g  Tasso THC:\u00a00,5%  Tasso CBD:\u00a011,6%  Sapore:\u00a0Dolce, fruttato  Cultura:\u00a0Interna\" \/>\n<meta property=\"og:url\" content=\"https:\/\/bioteca.eu\/it\/negozio\/harley-quinn-2g\/\" \/>\n<meta property=\"og:site_name\" content=\"Bioteca\" \/>\n<meta property=\"article:publisher\" content=\"https:\/\/www.facebook.com\/bioteca.eu\" \/>\n<meta property=\"article:modified_time\" content=\"2025-01-11T19:09:57+00:00\" \/>\n<meta property=\"og:image\" content=\"https:\/\/bioteca.eu\/wp-content\/uploads\/2020\/10\/Bioteca_Cannabis_Light_Harley_Quinn_2g-1024x1024-1.jpg\" \/>\n\t<meta property=\"og:image:width\" content=\"1024\" \/>\n\t<meta property=\"og:image:height\" content=\"1024\" \/>\n<meta name=\"twitter:card\" content=\"summary_large_image\" \/>\n<meta name=\"twitter:label1\" content=\"Scritto da\">\n\t<meta name=\"twitter:data1\" content=\"joco\">\n\t<meta name=\"twitter:label2\" content=\"Tempo di lettura stimato\">\n\t<meta name=\"twitter:data2\" content=\"0 minuti\">\n<script type=\"application\/ld+json\" class=\"yoast-schema-graph\">{\"@context\":\"https:\/\/schema.org\",\"@graph\":[{\"@type\":\"Organization\",\"@id\":\"https:\/\/bioteca.eu\/#organization\",\"name\":\"Bioteca\",\"url\":\"https:\/\/bioteca.eu\/\",\"sameAs\":[\"https:\/\/www.facebook.com\/bioteca.eu\",\"https:\/\/www.instagram.com\/bioteca.cbd\/\",\"https:\/\/www.linkedin.com\/company\/biotecaofficial\/\"],\"logo\":{\"@type\":\"ImageObject\",\"@id\":\"https:\/\/bioteca.eu\/#logo\",\"inLanguage\":\"it-IT\",\"url\":\"https:\/\/bioteca.eu\/wp-content\/uploads\/2020\/10\/bioteca_logo_1@4x.png\",\"width\":3543,\"height\":3543,\"caption\":\"Bioteca\"},\"image\":{\"@id\":\"https:\/\/bioteca.eu\/#logo\"}},{\"@type\":\"WebSite\",\"@id\":\"https:\/\/bioteca.eu\/#website\",\"url\":\"https:\/\/bioteca.eu\/\",\"name\":\"Bioteca\",\"description\":\"Najdi svoje ravnovesje\",\"publisher\":{\"@id\":\"https:\/\/bioteca.eu\/#organization\"},\"potentialAction\":[{\"@type\":\"SearchAction\",\"target\":\"https:\/\/bioteca.eu\/?s={search_term_string}\",\"query-input\":\"required name=search_term_string\"}],\"inLanguage\":\"it-IT\"},{\"@type\":\"ImageObject\",\"@id\":\"https:\/\/bioteca.eu\/it\/negozio\/harley-quinn-2g\/#primaryimage\",\"inLanguage\":\"it-IT\",\"url\":\"https:\/\/bioteca.eu\/wp-content\/uploads\/2020\/10\/Bioteca_Cannabis_Light_Harley_Quinn_2g-1024x1024-1.jpg\",\"width\":1024,\"height\":1024},{\"@type\":\"WebPage\",\"@id\":\"https:\/\/bioteca.eu\/it\/negozio\/harley-quinn-2g\/#webpage\",\"url\":\"https:\/\/bioteca.eu\/it\/negozio\/harley-quinn-2g\/\",\"name\":\"HARLEY QUINN 2g - Infiorescenza di Canapa Light - Bioteca\",\"isPartOf\":{\"@id\":\"https:\/\/bioteca.eu\/#website\"},\"primaryImageOfPage\":{\"@id\":\"https:\/\/bioteca.eu\/it\/negozio\/harley-quinn-2g\/#primaryimage\"},\"datePublished\":\"2020-10-13T07:08:23+00:00\",\"dateModified\":\"2025-01-11T19:09:57+00:00\",\"inLanguage\":\"it-IT\",\"potentialAction\":[{\"@type\":\"ReadAction\",\"target\":[\"https:\/\/bioteca.eu\/it\/negozio\/harley-quinn-2g\/\"]}]}]}<\/script>\n<!-- \/ Yoast SEO Premium plugin. -->","_links":{"self":[{"href":"https:\/\/bioteca.eu\/it\/wp-json\/wp\/v2\/product\/3387"}],"collection":[{"href":"https:\/\/bioteca.eu\/it\/wp-json\/wp\/v2\/product"}],"about":[{"href":"https:\/\/bioteca.eu\/it\/wp-json\/wp\/v2\/types\/product"}],"replies":[{"embeddable":true,"href":"https:\/\/bioteca.eu\/it\/wp-json\/wp\/v2\/comments?post=3387"}],"wp:featuredmedia":[{"embeddable":true,"href":"https:\/\/bioteca.eu\/it\/wp-json\/wp\/v2\/media\/3394"}],"wp:attachment":[{"href":"https:\/\/bioteca.eu\/it\/wp-json\/wp\/v2\/media?parent=3387"}],"curies":[{"name":"wp","href":"https:\/\/api.w.org\/{rel}","templated":true}]}}