{"id":2844,"date":"2020-07-07T11:01:08","date_gmt":"2020-07-07T09:01:08","guid":{"rendered":"https:\/\/bioteca.eu\/shop\/fenix-pro-vaporizator\/"},"modified":"2021-01-11T12:51:28","modified_gmt":"2021-01-11T11:51:28","slug":"fenix-pro-vaporizzatore","status":"publish","type":"product","link":"https:\/\/bioteca.eu\/it\/negozio\/fenix-pro-vaporizzatore\/","title":{"rendered":"Fenix Pro vaporizzatore"},"content":{"rendered":"<p><strong>Fenix Pro: technologia avanzata, flessibilit\u00e0 ed eleganza<\/strong><\/p>\n<p>La settima generazione del vaporizzatore per le erbe FENiX PRO ha implementato la pi\u00f9 recente tecnologia di riscaldamento a convezione ECA per offrirvi la migliore esperienza di vaporizzazione possibile. Portando una soluzione di vaporizzazione totalmente flessibile, il FENiX PRO pu\u00f2 vaporizzare erbe secche, cera e oli. Grazie a questo livello di flessibilit\u00e0, il FENiX PRO \u00e8 ideale per chiunque.<\/p>\n<p>Il corpo \u00e8 realizzato in alluminio anodizzato nero di alta qualit\u00e0 e gli conferisce una sensazione di lussiosit\u00e0. Il bocchino, che fa parte del coperchio della camera, \u00e8 realizzato in vetro nero coordinato.<\/p>\n<p>Anche se di piccole dimensioni, FENIX mini ha uno schermo a LED retroilluminato che mostra la temperatura target e i livelli della batteria. Si pu\u00f2 anche impostare in modo che si spenga automaticamente dopo un tempo predefinito.<\/p>\n<p><strong>DETTAGLI TECHNICI:<\/strong><\/p>\n<p>Tecnologia di vaporizzazione di settima generazione<\/p>\n<ul>\n<li>La pi\u00f9 recente e rivoluzionaria tecnologia di convezione ECA brevettata: Easy Care Air Path<\/li>\n<li>Boccaglio in vetro nero di spessore allungabile e regolabile<\/li>\n<li>Materiali di alta qualit\u00e0 e sicuri<\/li>\n<li>Percorso dell\u2019aria completamente isolato<\/li>\n<li>Gusto puro e genuino<\/li>\n<li>Il flusso d\u2019aria ottimizzato impedisce la resistenza di trazione<\/li>\n<li>Grande display OLED cristallino<\/li>\n<li>Campo di temperatura 160 \u00b0C \u2013 221 \u00b0C<\/li>\n<li>Temperatura regolabile con precisione di 1\u00b0C<\/li>\n<li>Breve tempo di riscaldamento: solo 25 secondi<\/li>\n<li>Tempo di lavoro regolabile 3-6 minuti<\/li>\n<li>Funzione di vibrazione<\/li>\n<li>Facile da usare<\/li>\n<li>Design compatto: 5,2 x 2,5 x 8,4 cm<\/li>\n<li>Timer di spegnimento automatico<\/li>\n<li>Capacit\u00e0 della batteria: 2300 mAh<\/li>\n<\/ul>\n<p><strong>INCLUSO NELLA CONFEZIONE:<\/strong><\/p>\n<ul>\n<li>1x FENiX PRO vaporizzatore<\/li>\n<li>2x Spazzole per la pulizia<\/li>\n<li>1x Filtro boccaglio di ricambio<\/li>\n<li>1x Cavo di ricarica USB<\/li>\n<li>1x Manuale d\u2019uso<\/li>\n<\/ul>\n<p><strong>Sistema di riscaldamento a convenzione avanzato con zero bruciature<\/strong><\/p>\n<p>Grazie al suo sistema di riscaldamento avanzato, FENiX produce un vapore liscio e saporito. Il sistema di riscaldamento a convezione gli permette di riscaldare le erbe senza combustione.<\/p>\n<p>I vaporizzatori con sistema di riscaldamento a convezione si distinguono per l\u2019assenza di resistenza alla trazione e per regolare l\u2019alimentazione dell\u2019aria. Il sistema ha dei piccoli fori attraverso i quali scorre l\u2019aria calda e di conseguenza l\u2019erba viene riscaldata correttamente con zero bruciature, il che rende il vapore pi\u00f9 liscio e saporito. L\u2019aria calda viene aspirata solo attraverso l\u2019erba nella camera e il percorso del vapore \u00e8 completamente isolato, il che \u00e8 fondamentale per l\u2019utente finale, in quanto raffredda il vapore.<\/p>\n","protected":false},"excerpt":{"rendered":"<p>Il vaporizzatore FENiX Pro \u00e8 l&#8217;ultimo prodotto della serie SOUTH REED. Utilizzando le pi\u00f9 recenti tecnologie di convezione ECA, il vaporizzatore pu\u00f2 essere utilizzato con erbe secche, cere e liquidi.<\/p>\n<p>FENIX Pro \u00e8 dotato di un sistema di riscaldamento a convezione brevettato che consente l&#8217;utilizzo alla massima temperatura in soli 30 secondi.<\/p>\n<p>Grazie alla sua eleganza e qualit\u00e0 di lavorazione, questo discreto vaporizzatore \u00e8 ideale per chiunque.<\/p>\n","protected":false},"featured_media":2290,"comment_status":"open","ping_status":"closed","template":"","meta":[],"yoast_head":"<!-- This site is optimized with the Yoast SEO Premium plugin v15.2.1 - https:\/\/yoast.com\/wordpress\/plugins\/seo\/ -->\n<title>Fenix Pro vaporizzatore - Bioteca<\/title>\n<meta name=\"robots\" content=\"index, follow, max-snippet:-1, max-image-preview:large, max-video-preview:-1\" \/>\n<link rel=\"canonical\" href=\"https:\/\/bioteca.eu\/it\/negozio\/fenix-pro-vaporizzatore\/\" \/>\n<meta property=\"og:locale\" content=\"it_IT\" \/>\n<meta property=\"og:type\" content=\"article\" \/>\n<meta property=\"og:title\" content=\"Fenix Pro vaporizzatore - Bioteca\" \/>\n<meta property=\"og:description\" content=\"Il vaporizzatore FENiX Pro \u00e8 l&#039;ultimo prodotto della serie SOUTH REED. Utilizzando le pi\u00f9 recenti tecnologie di convezione ECA, il vaporizzatore pu\u00f2 essere utilizzato con erbe secche, cere e liquidi.  FENIX Pro \u00e8 dotato di un sistema di riscaldamento a convezione brevettato che consente l&#039;utilizzo alla massima temperatura in soli 30 secondi.  Grazie alla sua eleganza e qualit\u00e0 di lavorazione, questo discreto vaporizzatore \u00e8 ideale per chiunque.\" \/>\n<meta property=\"og:url\" content=\"https:\/\/bioteca.eu\/it\/negozio\/fenix-pro-vaporizzatore\/\" \/>\n<meta property=\"og:site_name\" content=\"Bioteca\" \/>\n<meta property=\"article:publisher\" content=\"https:\/\/www.facebook.com\/bioteca.eu\" \/>\n<meta property=\"article:modified_time\" content=\"2021-01-11T11:51:28+00:00\" \/>\n<meta property=\"og:image\" content=\"https:\/\/bioteca.eu\/wp-content\/uploads\/2020\/07\/Fenix-Pro-OLED.png\" \/>\n\t<meta property=\"og:image:width\" content=\"1000\" \/>\n\t<meta property=\"og:image:height\" content=\"1000\" \/>\n<meta name=\"twitter:card\" content=\"summary_large_image\" \/>\n<meta name=\"twitter:label1\" content=\"Scritto da\">\n\t<meta name=\"twitter:data1\" content=\"joco\">\n\t<meta name=\"twitter:label2\" content=\"Tempo di lettura stimato\">\n\t<meta name=\"twitter:data2\" content=\"2 minuti\">\n<script type=\"application\/ld+json\" class=\"yoast-schema-graph\">{\"@context\":\"https:\/\/schema.org\",\"@graph\":[{\"@type\":\"Organization\",\"@id\":\"https:\/\/bioteca.eu\/#organization\",\"name\":\"Bioteca\",\"url\":\"https:\/\/bioteca.eu\/\",\"sameAs\":[\"https:\/\/www.facebook.com\/bioteca.eu\",\"https:\/\/www.instagram.com\/bioteca.cbd\/\",\"https:\/\/www.linkedin.com\/company\/biotecaofficial\/\"],\"logo\":{\"@type\":\"ImageObject\",\"@id\":\"https:\/\/bioteca.eu\/#logo\",\"inLanguage\":\"it-IT\",\"url\":\"https:\/\/bioteca.eu\/wp-content\/uploads\/2020\/10\/bioteca_logo_1@4x.png\",\"width\":3543,\"height\":3543,\"caption\":\"Bioteca\"},\"image\":{\"@id\":\"https:\/\/bioteca.eu\/#logo\"}},{\"@type\":\"WebSite\",\"@id\":\"https:\/\/bioteca.eu\/#website\",\"url\":\"https:\/\/bioteca.eu\/\",\"name\":\"Bioteca\",\"description\":\"Najdi svoje ravnovesje\",\"publisher\":{\"@id\":\"https:\/\/bioteca.eu\/#organization\"},\"potentialAction\":[{\"@type\":\"SearchAction\",\"target\":\"https:\/\/bioteca.eu\/?s={search_term_string}\",\"query-input\":\"required name=search_term_string\"}],\"inLanguage\":\"it-IT\"},{\"@type\":\"ImageObject\",\"@id\":\"https:\/\/bioteca.eu\/it\/negozio\/fenix-pro-vaporizzatore\/#primaryimage\",\"inLanguage\":\"it-IT\",\"url\":\"https:\/\/bioteca.eu\/wp-content\/uploads\/2020\/07\/Fenix-Pro-OLED.png\",\"width\":1000,\"height\":1000},{\"@type\":\"WebPage\",\"@id\":\"https:\/\/bioteca.eu\/it\/negozio\/fenix-pro-vaporizzatore\/#webpage\",\"url\":\"https:\/\/bioteca.eu\/it\/negozio\/fenix-pro-vaporizzatore\/\",\"name\":\"Fenix Pro vaporizzatore - Bioteca\",\"isPartOf\":{\"@id\":\"https:\/\/bioteca.eu\/#website\"},\"primaryImageOfPage\":{\"@id\":\"https:\/\/bioteca.eu\/it\/negozio\/fenix-pro-vaporizzatore\/#primaryimage\"},\"datePublished\":\"2020-07-07T09:01:08+00:00\",\"dateModified\":\"2021-01-11T11:51:28+00:00\",\"inLanguage\":\"it-IT\",\"potentialAction\":[{\"@type\":\"ReadAction\",\"target\":[\"https:\/\/bioteca.eu\/it\/negozio\/fenix-pro-vaporizzatore\/\"]}]}]}<\/script>\n<!-- \/ Yoast SEO Premium plugin. -->","_links":{"self":[{"href":"https:\/\/bioteca.eu\/it\/wp-json\/wp\/v2\/product\/2844"}],"collection":[{"href":"https:\/\/bioteca.eu\/it\/wp-json\/wp\/v2\/product"}],"about":[{"href":"https:\/\/bioteca.eu\/it\/wp-json\/wp\/v2\/types\/product"}],"replies":[{"embeddable":true,"href":"https:\/\/bioteca.eu\/it\/wp-json\/wp\/v2\/comments?post=2844"}],"wp:featuredmedia":[{"embeddable":true,"href":"https:\/\/bioteca.eu\/it\/wp-json\/wp\/v2\/media\/2290"}],"wp:attachment":[{"href":"https:\/\/bioteca.eu\/it\/wp-json\/wp\/v2\/media?parent=2844"}],"curies":[{"name":"wp","href":"https:\/\/api.w.org\/{rel}","templated":true}]}}