{"id":2842,"date":"2020-07-07T11:47:15","date_gmt":"2020-07-07T09:47:15","guid":{"rendered":"https:\/\/bioteca.eu\/shop\/fenix-mini-vaporiser\/"},"modified":"2021-01-11T12:51:18","modified_gmt":"2021-01-11T11:51:18","slug":"fenix-mini-vaporizzatore","status":"publish","type":"product","link":"https:\/\/bioteca.eu\/it\/negozio\/fenix-mini-vaporizzatore\/","title":{"rendered":"Fenix Mini vaporizzatore"},"content":{"rendered":"<p><strong>Fenix mini: compatto, elegante e pratico<\/strong><\/p>\n<p>l FENiX Mini \u00e8 molto compatto e si adatta a qualsiasi tasca, \u00e8 ergonomico da usare e discreto grazie al suo design semplice ed elegante. Ci sono tre modelli tra cui scegliere: nero, legno o marmo.<\/p>\n<p>Il vaporizzatore FENiX Mini ha un riscaldatore a convezione molto efficiente che lo rende uno dei pochi veri vaporizzatori a convezione sul mercato. I vantaggi del FENiX Mini sono molti. Il vaporizzatore ha una grande efficienza e la qualit\u00e0 della vaporizzazione \u00e8 eccellente.<\/p>\n<p>Una altra importante punto di forza \u00e8 il rapido tempo di riscaldamento \u2013 meno di 30 secondi.<\/p>\n<p>Anche se di piccole dimensioni, FENIX mini ha uno schermo a LED retroilluminato che mostra la temperatura target e i livelli della batteria. Si pu\u00f2 anche impostare in modo che si spenga automaticamente dopo un tempo predefinito.<\/p>\n<p><strong>DETTAGLI TECHNICI:<\/strong><\/p>\n<ul>\n<li>Convezione vera ed efficiente<\/li>\n<li>Ottimo design<\/li>\n<li>Campo di temperatura 160 \u00b0C \u2013 221 \u00b0C<\/li>\n<li>Grande display OLED<\/li>\n<li>Temperatura regolabile con precisione di 1\u00b0C<\/li>\n<li>Breve tempo di riscaldamento: meno di 30 secondi<\/li>\n<li>Camera delle erbe in acciaio inox<\/li>\n<li>Pesa solo 136g<\/li>\n<li>Molto piccolo e compatto: 5,1 x 2,5 x 7,6 cm<\/li>\n<li>Addatto per erbe, cere e oli<\/li>\n<li>Capacit\u00e0 della batteria 2200 mAh<\/li>\n<\/ul>\n<p><strong>INCLUSO NELLA CONFEZIONE:<\/strong><\/p>\n<ul>\n<li>1x FENiX Mini Vaporizzatore * Nero *<\/li>\n<li>1x Guarnizione boccaglio di ricambio con setaccio<\/li>\n<li>1x Serbatoio al quarzo per liquidi<\/li>\n<li>1x Utensile per imbottitura<\/li>\n<li>1x Spazzola di pulizia<\/li>\n<li>1x Pinzetta<\/li>\n<li>1x Cavo USB<\/li>\n<li>1x Manuale d\u2019uso<\/li>\n<\/ul>\n<p><strong>Sistema di riscaldamento a convenzione avanzato con zero bruciature<\/strong><\/p>\n<p>Grazie al suo sistema di riscaldamento avanzato, FENiX produce un vapore liscio e saporito. Il sistema di riscaldamento a convezione gli permette di riscaldare le erbe senza combustione.<\/p>\n<p>I vaporizzatori con sistema di riscaldamento a convezione si distinguono per l\u2019assenza di resistenza alla trazione e per regolare l\u2019alimentazione dell\u2019aria. Il sistema ha dei piccoli fori attraverso i quali scorre l\u2019aria calda e di conseguenza l\u2019erba viene riscaldata correttamente con zero bruciature, il che rende il vapore pi\u00f9 liscio e saporito. L\u2019aria calda viene aspirata solo attraverso l\u2019erba nella camera e il percorso del vapore \u00e8 completamente isolato, il che \u00e8 fondamentale per l\u2019utente finale, in quanto raffredda il vapore.<\/p>\n","protected":false},"excerpt":{"rendered":"<p>FENiX Mini \u00e8 il pi\u00f9 piccolo e compatto dei vaporizzatori ed \u00e8 estremamente conveniente per l&#8217;uso con erbe secche, estratti e liquidi.<\/p>\n<p>Si distingue per la sua tecnologia di convezione per il riscaldamento che riscalda il vaporizzatore in meno di 30 secondi. Il vaporizzatore \u00e8 adatto a tutti quelli che hanno appena iniziato ad usare il vaporizzatore in quanto tutte le funzioni sono eseguite con un solo pulsante.<\/p>\n<p>Grazie alle sue dimensioni \u00e8 uno dei vaporizzatori portatili pi\u00f9 discreti ed eleganti sul intero mercato.<\/p>\n","protected":false},"featured_media":2304,"comment_status":"open","ping_status":"closed","template":"","meta":[],"yoast_head":"<!-- This site is optimized with the Yoast SEO Premium plugin v15.2.1 - https:\/\/yoast.com\/wordpress\/plugins\/seo\/ -->\n<title>Fenix Mini vaporizzatore - Bioteca<\/title>\n<meta name=\"robots\" content=\"index, follow, max-snippet:-1, max-image-preview:large, max-video-preview:-1\" \/>\n<link rel=\"canonical\" href=\"https:\/\/bioteca.eu\/it\/negozio\/fenix-mini-vaporizzatore\/\" \/>\n<meta property=\"og:locale\" content=\"it_IT\" \/>\n<meta property=\"og:type\" content=\"article\" \/>\n<meta property=\"og:title\" content=\"Fenix Mini vaporizzatore - Bioteca\" \/>\n<meta property=\"og:description\" content=\"FENiX Mini \u00e8 il pi\u00f9 piccolo e compatto dei vaporizzatori ed \u00e8 estremamente conveniente per l&#039;uso con erbe secche, estratti e liquidi.  Si distingue per la sua tecnologia di convezione per il riscaldamento che riscalda il vaporizzatore in meno di 30 secondi. Il vaporizzatore \u00e8 adatto a tutti quelli che hanno appena iniziato ad usare il vaporizzatore in quanto tutte le funzioni sono eseguite con un solo pulsante.  Grazie alle sue dimensioni \u00e8 uno dei vaporizzatori portatili pi\u00f9 discreti ed eleganti sul intero mercato.\" \/>\n<meta property=\"og:url\" content=\"https:\/\/bioteca.eu\/it\/negozio\/fenix-mini-vaporizzatore\/\" \/>\n<meta property=\"og:site_name\" content=\"Bioteca\" \/>\n<meta property=\"article:publisher\" content=\"https:\/\/www.facebook.com\/bioteca.eu\" \/>\n<meta property=\"article:modified_time\" content=\"2021-01-11T11:51:18+00:00\" \/>\n<meta property=\"og:image\" content=\"https:\/\/bioteca.eu\/wp-content\/uploads\/2020\/07\/fenix-mini-bioteca.png\" \/>\n\t<meta property=\"og:image:width\" content=\"500\" \/>\n\t<meta property=\"og:image:height\" content=\"500\" \/>\n<meta name=\"twitter:card\" content=\"summary_large_image\" \/>\n<meta name=\"twitter:label1\" content=\"Scritto da\">\n\t<meta name=\"twitter:data1\" content=\"joco\">\n\t<meta name=\"twitter:label2\" content=\"Tempo di lettura stimato\">\n\t<meta name=\"twitter:data2\" content=\"1 minuto\">\n<script type=\"application\/ld+json\" class=\"yoast-schema-graph\">{\"@context\":\"https:\/\/schema.org\",\"@graph\":[{\"@type\":\"Organization\",\"@id\":\"https:\/\/bioteca.eu\/#organization\",\"name\":\"Bioteca\",\"url\":\"https:\/\/bioteca.eu\/\",\"sameAs\":[\"https:\/\/www.facebook.com\/bioteca.eu\",\"https:\/\/www.instagram.com\/bioteca.cbd\/\",\"https:\/\/www.linkedin.com\/company\/biotecaofficial\/\"],\"logo\":{\"@type\":\"ImageObject\",\"@id\":\"https:\/\/bioteca.eu\/#logo\",\"inLanguage\":\"it-IT\",\"url\":\"https:\/\/bioteca.eu\/wp-content\/uploads\/2020\/10\/bioteca_logo_1@4x.png\",\"width\":3543,\"height\":3543,\"caption\":\"Bioteca\"},\"image\":{\"@id\":\"https:\/\/bioteca.eu\/#logo\"}},{\"@type\":\"WebSite\",\"@id\":\"https:\/\/bioteca.eu\/#website\",\"url\":\"https:\/\/bioteca.eu\/\",\"name\":\"Bioteca\",\"description\":\"Najdi svoje ravnovesje\",\"publisher\":{\"@id\":\"https:\/\/bioteca.eu\/#organization\"},\"potentialAction\":[{\"@type\":\"SearchAction\",\"target\":\"https:\/\/bioteca.eu\/?s={search_term_string}\",\"query-input\":\"required name=search_term_string\"}],\"inLanguage\":\"it-IT\"},{\"@type\":\"ImageObject\",\"@id\":\"https:\/\/bioteca.eu\/it\/negozio\/fenix-mini-vaporizzatore\/#primaryimage\",\"inLanguage\":\"it-IT\",\"url\":\"https:\/\/bioteca.eu\/wp-content\/uploads\/2020\/07\/fenix-mini-bioteca.png\",\"width\":500,\"height\":500},{\"@type\":\"WebPage\",\"@id\":\"https:\/\/bioteca.eu\/it\/negozio\/fenix-mini-vaporizzatore\/#webpage\",\"url\":\"https:\/\/bioteca.eu\/it\/negozio\/fenix-mini-vaporizzatore\/\",\"name\":\"Fenix Mini vaporizzatore - Bioteca\",\"isPartOf\":{\"@id\":\"https:\/\/bioteca.eu\/#website\"},\"primaryImageOfPage\":{\"@id\":\"https:\/\/bioteca.eu\/it\/negozio\/fenix-mini-vaporizzatore\/#primaryimage\"},\"datePublished\":\"2020-07-07T09:47:15+00:00\",\"dateModified\":\"2021-01-11T11:51:18+00:00\",\"inLanguage\":\"it-IT\",\"potentialAction\":[{\"@type\":\"ReadAction\",\"target\":[\"https:\/\/bioteca.eu\/it\/negozio\/fenix-mini-vaporizzatore\/\"]}]}]}<\/script>\n<!-- \/ Yoast SEO Premium plugin. -->","_links":{"self":[{"href":"https:\/\/bioteca.eu\/it\/wp-json\/wp\/v2\/product\/2842"}],"collection":[{"href":"https:\/\/bioteca.eu\/it\/wp-json\/wp\/v2\/product"}],"about":[{"href":"https:\/\/bioteca.eu\/it\/wp-json\/wp\/v2\/types\/product"}],"replies":[{"embeddable":true,"href":"https:\/\/bioteca.eu\/it\/wp-json\/wp\/v2\/comments?post=2842"}],"wp:featuredmedia":[{"embeddable":true,"href":"https:\/\/bioteca.eu\/it\/wp-json\/wp\/v2\/media\/2304"}],"wp:attachment":[{"href":"https:\/\/bioteca.eu\/it\/wp-json\/wp\/v2\/media?parent=2842"}],"curies":[{"name":"wp","href":"https:\/\/api.w.org\/{rel}","templated":true}]}}