{"id":2827,"date":"2020-07-07T13:16:40","date_gmt":"2020-07-07T11:16:40","guid":{"rendered":"https:\/\/bioteca.eu\/shop\/cbd-balm-1-30ml\/"},"modified":"2021-01-11T12:51:00","modified_gmt":"2021-01-11T11:51:00","slug":"balsamo-al-cbd-1-30ml","status":"publish","type":"product","link":"https:\/\/bioteca.eu\/it\/negozio\/balsamo-al-cbd-1-30ml\/","title":{"rendered":"Balsamo al CBD 1% [30ml]"},"content":{"rendered":"<p>Il baslamo al CBD \u00e8 ideale per l&#8217;uso di tutti i giorni.<\/p>\n<ul>\n<li>100% ingredienti naturali<\/li>\n<li>Prodotto locale<\/li>\n<li>Estratti di CBD a spettro completo<\/li>\n<li>Adatto a vegani<\/li>\n<li>Senza OGM<\/li>\n<li>Non contiene aromi artificiali o coloranti<\/li>\n<\/ul>\n<p><strong>Pr<\/strong><strong>odotti<\/strong><strong> local<\/strong><strong>i, 100%<\/strong><strong> natural<\/strong><strong>i<\/strong><\/p>\n<p>Il burro per il corpo al CBD di Bioteca \u00a0\u00e8 prodotto dall&#8217;estratto di canapa slovena, coltivata naturalmente, senza l&#8217;uso di pesticidi e fertilizzanti sintetici.<\/p>\n<p>L&#8217;estratto \u00e8 ottenuto con l&#8217;aiuto di un moderno metodo di estrazione con anidride carbonica supercritica (CO2), che conserva un&#8217;ampia gamma di terpeni e altri cannabionidi.<\/p>\n<p>L&#8217;estratto di canapa rivitalizza la pelle e ne rafforza la capacit\u00e0 di rigenerarsi, idratandola e curandola.<\/p>\n<p><strong>Ampio spettro di principi attivi per la cura della pelle e le labra<\/strong><\/p>\n<p>Oltre all&#8217;estratto di canapa biologico, il balsamo al CBD di \u00a0Bioteca contiene molti altri ingredienti attivi che hanno un effetto benefico sulla pelle e le labbra.<\/p>\n<ul>\n<li><strong> Olio di <\/strong><strong>semi di <\/strong><strong>canapa spremuto a freddo<\/strong><\/li>\n<\/ul>\n<p>L&#8217;olio di semi di canapa \u00e8 uno degli oli naturali pi\u00f9 ricchi e versatili che ha un effetto estremamente benefico sulla pelle e sull&#8217;intero organismo. Una caratteristica speciale di questo olio \u00e8 l&#8217;acido gamma-linolenico (GLA), che ha un effetto anti-infiammatorio e allevia il prurito, i processi di invecchiamento e persino le malattie autoimmuni della pelle. Inoltre, \u00e8 ricco di acidi grassi omega 3 e 6, che nutrono la pelle, e vitamina E, che \u00e8 un eccezionale antiossidante che rallenta il processo di invecchiamento.<\/p>\n<ul>\n<li><strong> Burro di karit\u00e9<\/strong><\/li>\n<\/ul>\n<p>Il burro di karit\u00e9 viene estratto dalla noce dell&#8217;albero africano di karit\u00e9 ed \u00e8 stato usato come ingrediente cosmetico per secoli. Aiuta ad ammorbidire e ripristinare la pelle secca, disidratata e sensibile. Inoltre, \u00e8 ricco di sostanze nutritive che aiutano a ricostruire il collagene che \u00e8 naturalmente presente nella nostra pelle. \u00c8 un ottimo rimedio per eczemi, rughe e persino scottature solari.<\/p>\n<ul>\n<li><strong> Olio di cocco<\/strong><\/li>\n<\/ul>\n<p>L&#8217;olio di cocco idrata perfettamente la pelle e aiuta a creare una barriera lipidica cutanea che trattiene l&#8217;umidit\u00e0. Inoltre, ha anche propriet\u00e0 anti-infiammatorie ed \u00e8 perfetto per la pelle irritata.<\/p>\n<ul>\n<li><strong> Olio di semi d&#8217;uva<\/strong><\/li>\n<\/ul>\n<p>L&#8217;olio di semi d&#8217;uva \u00e8 un olio delicato e leggero che viene rapidamente assorbito dalla pelle e lo idrata piacevolmente. Questo olio pu\u00f2 essere trovato principalmente in creme e lozioni di una fascia di prezzo pi\u00f9 elevata grazie al suo eccezionale effetto anti-invecchiamento. Ha propriet\u00e0 antinfiammatorie e rigenerative, che lo rendono eccellente per la cura della pelle sensibile o infiammata.<\/p>\n<ul>\n<li><strong> Estratto di rosmarino<\/strong><\/li>\n<\/ul>\n<p>Il rosmarino contiene un&#8217;alta concentrazione di polifenoli, che hanno propriet\u00e0 antiossidanti e proteggono la pelle dall&#8217;invecchiamento. Inoltre, stimola anche la microcircolazione, rendendola un&#8217;ottima scelta per i prodotti anticellulite.<\/p>\n<p><strong>Produzione verificata ed approvata da laboratori indipendenti<\/strong><\/p>\n<p>La produzione di canapa e altri principi attivi viene effettuata in conformit\u00e0 alle rigide normative europee. La qualit\u00e0 dei prodotti viene regolarmente controllata da laboratori indipendenti certificati.<\/p>\n","protected":false},"excerpt":{"rendered":"<p>Il balsamo al CBD si Bioteca contiene olio di CBD a spettro completo di alta qualit\u00e0<\/p>\n<p>e altri principi attivi che nutrono e proteggono la pelle e le labbra.<\/p>\n<p>Il balsamo al CBD rafforza il sistema di difesa naturale della pelle e la sua capacit\u00e0 di rigenerarsi ed \u00e8 quindi adatto per idratare la pelle e per l&#8217;uso in caso di prurito o ustioni o per prevenire l&#8217;irritazione della pelle dopo la rasatura.<\/p>\n","protected":false},"featured_media":2733,"comment_status":"open","ping_status":"closed","template":"","meta":[],"yoast_head":"<!-- This site is optimized with the Yoast SEO Premium plugin v15.2.1 - https:\/\/yoast.com\/wordpress\/plugins\/seo\/ -->\n<title>Balsamo al CBD 1% [30ml] - Bioteca<\/title>\n<meta name=\"robots\" content=\"index, follow, max-snippet:-1, max-image-preview:large, max-video-preview:-1\" \/>\n<link rel=\"canonical\" href=\"https:\/\/bioteca.eu\/it\/negozio\/balsamo-al-cbd-1-30ml\/\" \/>\n<meta property=\"og:locale\" content=\"it_IT\" \/>\n<meta property=\"og:type\" content=\"article\" \/>\n<meta property=\"og:title\" content=\"Balsamo al CBD 1% [30ml] - Bioteca\" \/>\n<meta property=\"og:description\" content=\"Il balsamo al CBD si Bioteca contiene olio di CBD a spettro completo di alta qualit\u00e0  e altri principi attivi che nutrono e proteggono la pelle e le labbra.  Il balsamo al CBD rafforza il sistema di difesa naturale della pelle e la sua capacit\u00e0 di rigenerarsi ed \u00e8 quindi adatto per idratare la pelle e per l&#039;uso in caso di prurito o ustioni o per prevenire l&#039;irritazione della pelle dopo la rasatura.\" \/>\n<meta property=\"og:url\" content=\"https:\/\/bioteca.eu\/it\/negozio\/balsamo-al-cbd-1-30ml\/\" \/>\n<meta property=\"og:site_name\" content=\"Bioteca\" \/>\n<meta property=\"article:publisher\" content=\"https:\/\/www.facebook.com\/bioteca.eu\" \/>\n<meta property=\"article:modified_time\" content=\"2021-01-11T11:51:00+00:00\" \/>\n<meta property=\"og:image\" content=\"https:\/\/bioteca.eu\/wp-content\/uploads\/2020\/07\/bioteca_cbd_mazilo_1-min-1024x1024-1.png\" \/>\n\t<meta property=\"og:image:width\" content=\"1024\" \/>\n\t<meta property=\"og:image:height\" content=\"1024\" \/>\n<meta name=\"twitter:card\" content=\"summary_large_image\" \/>\n<meta name=\"twitter:label1\" content=\"Scritto da\">\n\t<meta name=\"twitter:data1\" content=\"joco\">\n\t<meta name=\"twitter:label2\" content=\"Tempo di lettura stimato\">\n\t<meta name=\"twitter:data2\" content=\"2 minuti\">\n<script type=\"application\/ld+json\" class=\"yoast-schema-graph\">{\"@context\":\"https:\/\/schema.org\",\"@graph\":[{\"@type\":\"Organization\",\"@id\":\"https:\/\/bioteca.eu\/#organization\",\"name\":\"Bioteca\",\"url\":\"https:\/\/bioteca.eu\/\",\"sameAs\":[\"https:\/\/www.facebook.com\/bioteca.eu\",\"https:\/\/www.instagram.com\/bioteca.cbd\/\",\"https:\/\/www.linkedin.com\/company\/biotecaofficial\/\"],\"logo\":{\"@type\":\"ImageObject\",\"@id\":\"https:\/\/bioteca.eu\/#logo\",\"inLanguage\":\"it-IT\",\"url\":\"https:\/\/bioteca.eu\/wp-content\/uploads\/2020\/10\/bioteca_logo_1@4x.png\",\"width\":3543,\"height\":3543,\"caption\":\"Bioteca\"},\"image\":{\"@id\":\"https:\/\/bioteca.eu\/#logo\"}},{\"@type\":\"WebSite\",\"@id\":\"https:\/\/bioteca.eu\/#website\",\"url\":\"https:\/\/bioteca.eu\/\",\"name\":\"Bioteca\",\"description\":\"Najdi svoje ravnovesje\",\"publisher\":{\"@id\":\"https:\/\/bioteca.eu\/#organization\"},\"potentialAction\":[{\"@type\":\"SearchAction\",\"target\":\"https:\/\/bioteca.eu\/?s={search_term_string}\",\"query-input\":\"required name=search_term_string\"}],\"inLanguage\":\"it-IT\"},{\"@type\":\"ImageObject\",\"@id\":\"https:\/\/bioteca.eu\/it\/negozio\/balsamo-al-cbd-1-30ml\/#primaryimage\",\"inLanguage\":\"it-IT\",\"url\":\"https:\/\/bioteca.eu\/wp-content\/uploads\/2020\/07\/bioteca_cbd_mazilo_1-min-1024x1024-1.png\",\"width\":1024,\"height\":1024},{\"@type\":\"WebPage\",\"@id\":\"https:\/\/bioteca.eu\/it\/negozio\/balsamo-al-cbd-1-30ml\/#webpage\",\"url\":\"https:\/\/bioteca.eu\/it\/negozio\/balsamo-al-cbd-1-30ml\/\",\"name\":\"Balsamo al CBD 1% [30ml] - Bioteca\",\"isPartOf\":{\"@id\":\"https:\/\/bioteca.eu\/#website\"},\"primaryImageOfPage\":{\"@id\":\"https:\/\/bioteca.eu\/it\/negozio\/balsamo-al-cbd-1-30ml\/#primaryimage\"},\"datePublished\":\"2020-07-07T11:16:40+00:00\",\"dateModified\":\"2021-01-11T11:51:00+00:00\",\"inLanguage\":\"it-IT\",\"potentialAction\":[{\"@type\":\"ReadAction\",\"target\":[\"https:\/\/bioteca.eu\/it\/negozio\/balsamo-al-cbd-1-30ml\/\"]}]}]}<\/script>\n<!-- \/ Yoast SEO Premium plugin. -->","_links":{"self":[{"href":"https:\/\/bioteca.eu\/it\/wp-json\/wp\/v2\/product\/2827"}],"collection":[{"href":"https:\/\/bioteca.eu\/it\/wp-json\/wp\/v2\/product"}],"about":[{"href":"https:\/\/bioteca.eu\/it\/wp-json\/wp\/v2\/types\/product"}],"replies":[{"embeddable":true,"href":"https:\/\/bioteca.eu\/it\/wp-json\/wp\/v2\/comments?post=2827"}],"wp:featuredmedia":[{"embeddable":true,"href":"https:\/\/bioteca.eu\/it\/wp-json\/wp\/v2\/media\/2733"}],"wp:attachment":[{"href":"https:\/\/bioteca.eu\/it\/wp-json\/wp\/v2\/media?parent=2827"}],"curies":[{"name":"wp","href":"https:\/\/api.w.org\/{rel}","templated":true}]}}