{"id":2823,"date":"2020-07-07T13:33:01","date_gmt":"2020-07-07T11:33:01","guid":{"rendered":"https:\/\/bioteca.eu\/shop\/cbd-body-butter-50ml\/"},"modified":"2021-01-11T12:50:51","modified_gmt":"2021-01-11T11:50:51","slug":"burro-per-il-corpo-al-cbd-50ml","status":"publish","type":"product","link":"https:\/\/bioteca.eu\/it\/negozio\/burro-per-il-corpo-al-cbd-50ml\/","title":{"rendered":"Burro per il corpo al CBD [50ml]"},"content":{"rendered":"<ul>\n<li>100% ingredienti naturali<\/li>\n<li>Prodotto locale<\/li>\n<li>Estratti di CBD a spettro completo<\/li>\n<li>Adatto a vegani<\/li>\n<li>Senza OGM<\/li>\n<li>Non contiene aromi artificiali o coloranti<\/li>\n<\/ul>\n<p><strong>Pr<\/strong><strong>odotti<\/strong><strong> local<\/strong><strong>i, 100%<\/strong><strong> natural<\/strong><strong>i<\/strong><\/p>\n<p>Il burro per il corpo al CBD di Bioteca \u00a0\u00e8 prodotto dall&#8217;estratto di canapa slovena, coltivato naturalmente, senza l&#8217;uso di pesticidi e fertilizzanti sintetici.<\/p>\n<p>L&#8217;estratto \u00e8 ottenuto con l&#8217;aiuto di un moderno metodo di estrazione con anidride carbonica supercritica (CO2), che conserva un&#8217;ampia gamma di terpeni e altri cannabionidi.<\/p>\n<p>L&#8217;estratto di canapa rivitalizza la pelle e ne rafforza la capacit\u00e0 di rigenerarsi, idratandola e curandola.<\/p>\n<p><strong>Ampio spettro di principi attivi per la cura della pelle<\/strong><\/p>\n<p>Oltre all&#8217;estratto di canapa biologico, il burro per il corpo al CBD di Biotca contiene molti altri principi attivi che hanno un effetto benefico sulla pelle.<\/p>\n<ul>\n<li><strong> Burro di karit\u00e9<\/strong><\/li>\n<\/ul>\n<p>Il burro di karit\u00e9 viene estratto dalla noce dell&#8217;albero africano di karit\u00e9 ed \u00e8 stato usato come ingrediente cosmetico per secoli. Aiuta ad ammorbidire e ripristinare la pelle secca, disidratata e sensibile. Inoltre, \u00e8 ricco di sostanze nutritive che aiutano a ricostruire il collagene che \u00e8 naturalmente presente nella nostra pelle. \u00c8 un ottimo rimedio per eczemi, rughe e persino scottature solari.<\/p>\n<ul>\n<li><strong> Olio d&#8217;oliva<\/strong><\/li>\n<\/ul>\n<p>L&#8217;olio d&#8217;oliva \u00e8 adatto a tutti i tipi di pelle, poich\u00e9 idrata e nutre piacevolmente la pelle e non provoca allergie. Contiene antiossidanti come le vitamine A ed E che accelerano il rinnovamento cellulare e aiutano a restituire alla nostra pelle un aspetto pi\u00f9 liscio, tonico e sano.<\/p>\n<ul>\n<li><strong> Olio essenziale di citronella e agrumi<\/strong><\/li>\n<\/ul>\n<p>Gli oli essenziali di citronella e agrumi contengono ingredienti attivi (citrale, geraniolo) che restringono i capillari e nutrono la pelle con i pori dilatati.<\/p>\n<ul>\n<li><strong> Polvere di seta<\/strong><\/li>\n<\/ul>\n<p>La polvere di seta \u00e8 composta da fibroina di natura proteica, che contiene 18 tipi di aminoacidi che hanno una composizione simile alla nostra pelle e capelli, motivo per cui la nostra pelle la assorbe cos\u00ec bene. Le proteine \u200b\u200bdella seta idratano e impediscono alla pelle di seccarsi.<\/p>\n<p><strong>Produzione verificata ed approvata da laboratori indipendenti<\/strong><\/p>\n<p>La produzione di canapa e altri principi attivi viene effettuata in conformit\u00e0 alle rigide normative europee. La qualit\u00e0 dei prodotti viene regolarmente controllata da laboratori indipendenti certificati.<\/p>\n","protected":false},"excerpt":{"rendered":"<p>Il burro per il corpo al CBD di Bioteca contiene olio di CBD a spettro completo di altissima qualit\u00e0 e altri ingredienti attivi che proteggono, nutrono e idratano naturalmente ogni tipo di pelle.<\/p>\n<p>Il burro di CBD rafforza il sistema di difesa naturale della pelle e la sua capacit\u00e0 di rigenerarsi e pu\u00f2 essere utilizzato in caso di prurito, punture di zanzare ed altri inseti o scottature solari.<\/p>\n<p>Perfetto per l&#8217;uso quotidiano, il burro per il corpo di CBD lenisce, nutre e guarisce efficacemente la pelle.<\/p>\n","protected":false},"featured_media":2725,"comment_status":"open","ping_status":"closed","template":"","meta":[],"yoast_head":"<!-- This site is optimized with the Yoast SEO Premium plugin v15.2.1 - https:\/\/yoast.com\/wordpress\/plugins\/seo\/ -->\n<title>Burro per il corpo al CBD [50ml] - Bioteca<\/title>\n<meta name=\"robots\" content=\"index, follow, max-snippet:-1, max-image-preview:large, max-video-preview:-1\" \/>\n<link rel=\"canonical\" href=\"https:\/\/bioteca.eu\/it\/negozio\/burro-per-il-corpo-al-cbd-50ml\/\" \/>\n<meta property=\"og:locale\" content=\"it_IT\" \/>\n<meta property=\"og:type\" content=\"article\" \/>\n<meta property=\"og:title\" content=\"Burro per il corpo al CBD [50ml] - Bioteca\" \/>\n<meta property=\"og:description\" content=\"Il burro per il corpo al CBD di Bioteca contiene olio di CBD a spettro completo di altissima qualit\u00e0 e altri ingredienti attivi che proteggono, nutrono e idratano naturalmente ogni tipo di pelle.  Il burro di CBD rafforza il sistema di difesa naturale della pelle e la sua capacit\u00e0 di rigenerarsi e pu\u00f2 essere utilizzato in caso di prurito, punture di zanzare ed altri inseti o scottature solari.  Perfetto per l&#039;uso quotidiano, il burro per il corpo di CBD lenisce, nutre e guarisce efficacemente la pelle.\" \/>\n<meta property=\"og:url\" content=\"https:\/\/bioteca.eu\/it\/negozio\/burro-per-il-corpo-al-cbd-50ml\/\" \/>\n<meta property=\"og:site_name\" content=\"Bioteca\" \/>\n<meta property=\"article:publisher\" content=\"https:\/\/www.facebook.com\/bioteca.eu\" \/>\n<meta property=\"article:modified_time\" content=\"2021-01-11T11:50:51+00:00\" \/>\n<meta property=\"og:image\" content=\"https:\/\/bioteca.eu\/wp-content\/uploads\/2020\/07\/bioteca_cbd_maslo_1-1-1024x1024-1.png\" \/>\n\t<meta property=\"og:image:width\" content=\"1024\" \/>\n\t<meta property=\"og:image:height\" content=\"1024\" \/>\n<meta name=\"twitter:card\" content=\"summary_large_image\" \/>\n<meta name=\"twitter:label1\" content=\"Scritto da\">\n\t<meta name=\"twitter:data1\" content=\"joco\">\n\t<meta name=\"twitter:label2\" content=\"Tempo di lettura stimato\">\n\t<meta name=\"twitter:data2\" content=\"1 minuto\">\n<script type=\"application\/ld+json\" class=\"yoast-schema-graph\">{\"@context\":\"https:\/\/schema.org\",\"@graph\":[{\"@type\":\"Organization\",\"@id\":\"https:\/\/bioteca.eu\/#organization\",\"name\":\"Bioteca\",\"url\":\"https:\/\/bioteca.eu\/\",\"sameAs\":[\"https:\/\/www.facebook.com\/bioteca.eu\",\"https:\/\/www.instagram.com\/bioteca.cbd\/\",\"https:\/\/www.linkedin.com\/company\/biotecaofficial\/\"],\"logo\":{\"@type\":\"ImageObject\",\"@id\":\"https:\/\/bioteca.eu\/#logo\",\"inLanguage\":\"it-IT\",\"url\":\"https:\/\/bioteca.eu\/wp-content\/uploads\/2020\/10\/bioteca_logo_1@4x.png\",\"width\":3543,\"height\":3543,\"caption\":\"Bioteca\"},\"image\":{\"@id\":\"https:\/\/bioteca.eu\/#logo\"}},{\"@type\":\"WebSite\",\"@id\":\"https:\/\/bioteca.eu\/#website\",\"url\":\"https:\/\/bioteca.eu\/\",\"name\":\"Bioteca\",\"description\":\"Najdi svoje ravnovesje\",\"publisher\":{\"@id\":\"https:\/\/bioteca.eu\/#organization\"},\"potentialAction\":[{\"@type\":\"SearchAction\",\"target\":\"https:\/\/bioteca.eu\/?s={search_term_string}\",\"query-input\":\"required name=search_term_string\"}],\"inLanguage\":\"it-IT\"},{\"@type\":\"ImageObject\",\"@id\":\"https:\/\/bioteca.eu\/it\/negozio\/burro-per-il-corpo-al-cbd-50ml\/#primaryimage\",\"inLanguage\":\"it-IT\",\"url\":\"https:\/\/bioteca.eu\/wp-content\/uploads\/2020\/07\/bioteca_cbd_maslo_1-1-1024x1024-1.png\",\"width\":1024,\"height\":1024},{\"@type\":\"WebPage\",\"@id\":\"https:\/\/bioteca.eu\/it\/negozio\/burro-per-il-corpo-al-cbd-50ml\/#webpage\",\"url\":\"https:\/\/bioteca.eu\/it\/negozio\/burro-per-il-corpo-al-cbd-50ml\/\",\"name\":\"Burro per il corpo al CBD [50ml] - Bioteca\",\"isPartOf\":{\"@id\":\"https:\/\/bioteca.eu\/#website\"},\"primaryImageOfPage\":{\"@id\":\"https:\/\/bioteca.eu\/it\/negozio\/burro-per-il-corpo-al-cbd-50ml\/#primaryimage\"},\"datePublished\":\"2020-07-07T11:33:01+00:00\",\"dateModified\":\"2021-01-11T11:50:51+00:00\",\"inLanguage\":\"it-IT\",\"potentialAction\":[{\"@type\":\"ReadAction\",\"target\":[\"https:\/\/bioteca.eu\/it\/negozio\/burro-per-il-corpo-al-cbd-50ml\/\"]}]}]}<\/script>\n<!-- \/ Yoast SEO Premium plugin. -->","_links":{"self":[{"href":"https:\/\/bioteca.eu\/it\/wp-json\/wp\/v2\/product\/2823"}],"collection":[{"href":"https:\/\/bioteca.eu\/it\/wp-json\/wp\/v2\/product"}],"about":[{"href":"https:\/\/bioteca.eu\/it\/wp-json\/wp\/v2\/types\/product"}],"replies":[{"embeddable":true,"href":"https:\/\/bioteca.eu\/it\/wp-json\/wp\/v2\/comments?post=2823"}],"wp:featuredmedia":[{"embeddable":true,"href":"https:\/\/bioteca.eu\/it\/wp-json\/wp\/v2\/media\/2725"}],"wp:attachment":[{"href":"https:\/\/bioteca.eu\/it\/wp-json\/wp\/v2\/media?parent=2823"}],"curies":[{"name":"wp","href":"https:\/\/api.w.org\/{rel}","templated":true}]}}