{"id":3130,"date":"2020-07-23T12:32:43","date_gmt":"2020-07-23T10:32:43","guid":{"rendered":"https:\/\/bioteca.eu\/privacy-cookie-policy\/"},"modified":"2020-10-14T09:51:37","modified_gmt":"2020-10-14T07:51:37","slug":"informativa-sulla-privacy-e-sui-cookie","status":"publish","type":"page","link":"https:\/\/bioteca.eu\/it\/informativa-sulla-privacy-e-sui-cookie\/","title":{"rendered":"Informativa sulla privacy e sui cookie"},"content":{"rendered":"<p>[vc_row el_class=&#8221;cont-row dark-text privacy-page-0&#8243;][vc_column][vc_empty_space][vc_column_text]<\/p>\n<h4>Informativa sulla privacy per Bioteca<\/h4>\n<p>Per Bioteca, una delle nostre principali priorit\u00e0 \u00e8 la privacy dei nostri visitatori. Questo documento contiene i tipi di informazioni raccolte e registrate da Bioteca e come le utilizziamo.<br \/>\nSe avete ulteriori domande o desiderate maggiori informazioni sulla nostra Privacy Policy, non esitate a contattarci via e-mail all&#8217;indirizzo info@bioteca.eu.<\/p>\n<p>Regolamento generale sulla protezione dei dati (GDPR)<\/p>\n<p>Siamo titolari del trattamento dei dati personali.<br \/>\nLa base legale di Bioteca per la raccolta e l&#8217;utilizzo delle informazioni personali descritte nella presente Informativa sulla privacy dipende dalle informazioni personali che raccogliamo e dal contesto specifico in cui raccogliamo le informazioni:<\/p>\n<ul class=\"pages-ul-2\">\n<li>Bioteca deve eseguire un contratto con voi.<\/li>\n<li>Hai dato il permesso di farlo al Bioteca.<\/li>\n<li>Il trattamento dei tuoi dati personali \u00e8 nell&#8217;interesse legittimo di Bioteca.<\/li>\n<li>Bioteca deve rispettare la legge.<\/li>\n<\/ul>\n<p>Bioteca conserver\u00e0 le tue informazioni personali solo per il tempo necessario per le finalit\u00e0 indicate nella presente Informativa sulla privacy. Conserveremo e utilizzeremo le vostre informazioni nella misura necessaria per adempiere ai nostri obblighi legali, risolvere le controversie e far rispettare le nostre politiche.<\/p>\n<p>Se siete residenti nello Spazio economico europeo (SEE), avete alcuni diritti di protezione dei dati. Se si desidera essere informati sui dati personali in nostro possesso e se si desidera che siano rimossi dai nostri sistemi, si prega di contattarci.<\/p>\n<p>In determinate circostanze, avete i seguenti diritti di protezione dei dati:<\/p>\n<ul class=\"pages-ul-2\">\n<li>Il diritto di accedere, aggiornare o cancellare le informazioni che abbiamo su di voi.<\/li>\n<li>Il diritto di rettifica.<\/li>\n<li>Il diritto di opposizione.<\/li>\n<li>Il diritto di restrizione.<\/li>\n<li>Il diritto alla portabilit\u00e0 dei dati.<\/li>\n<li>Il diritto di ritirare il consenso.<\/li>\n<\/ul>\n<p>File di log<\/p>\n<p>Bioteca segue una procedura standard di utilizzo dei file di log. Questi file registrano i visitatori quando visitano i siti web. Tutte le societ\u00e0 di hosting fanno questo e una parte dell&#8217;analisi dei servizi di hosting. Le informazioni raccolte dai file di log includono gli indirizzi del protocollo internet (IP), tipo di browser, Internet Service Provider (ISP), data e ora, pagine di riferimento\/uscita ed eventualmente il numero di clic. Questi non sono collegati ad alcuna informazione che sia personalmente identificabile. Lo scopo delle informazioni \u00e8 quello di analizzare le tendenze, amministrare il sito, tracciare i movimenti degli utenti sul sito web e raccogliere informazioni demografiche.<\/p>\n<p>Cookie e Web Beacon<\/p>\n<p>Come ogni altro sito web, Bioteca utilizza &#8220;cookies&#8221;. Questi cookie sono utilizzati per memorizzare informazioni, comprese le preferenze dei visitatori, e le pagine del sito web a cui il visitatore ha avuto accesso o visitato. Le informazioni sono utilizzate per ottimizzare l&#8217;esperienza degli utenti personalizzando il contenuto delle nostre pagine web in base al tipo di browser dei visitatori e\/o altre informazioni.<\/p>\n<p>Informativa sulla privacy<br \/>\nI server pubblicitari di terze parti o le reti pubblicitarie utilizzano tecnologie come i cookie, JavaScript o Web Beacon che vengono utilizzati nelle rispettive pubblicit\u00e0 e link che appaiono su Bioteca, che vengono inviati direttamente al browser dell&#8217;utente. Essi ricevono automaticamente il tuo indirizzo IP quando questo accade. Queste tecnologie sono utilizzate per misurare l&#8217;efficacia delle loro campagne pubblicitarie e\/o per personalizzare i contenuti pubblicitari che vedete sui siti web che visitate.<br \/>\nSi noti che Bioteca non ha accesso o controllo su questi cookie utilizzati da inserzionisti di terze parti.<\/p>\n<p>Informativa sulla privacy di terze parti<br \/>\nL&#8217;informativa sulla privacy di Bioteca non si applica ad altri inserzionisti o siti web. Pertanto, vi consigliamo di consultare le rispettive politiche sulla privacy di questi server pubblicitari di terze parti per informazioni pi\u00f9 dettagliate. Pu\u00f2 includere le loro pratiche e le istruzioni su come rinunciare a determinate opzioni. Qui potete trovare un elenco completo di queste Norme sulla privacy e dei loro link: Collegamenti all&#8217;informativa sulla privacy.<br \/>\nPuoi scegliere di disabilitare i cookie attraverso le opzioni individuali del tuo browser. Per conoscere informazioni pi\u00f9 dettagliate sulla gestione dei cookie con specifici browser web, \u00e8 possibile trovarle sui rispettivi siti web dei browser. Cosa sono i cookie?<\/p>\n<p>Informazioni per bambini<br \/>\nUn&#8217;altra parte della nostra priorit\u00e0 \u00e8 l&#8217;aggiunta della protezione dei bambini durante l&#8217;uso di Internet. Incoraggiamo genitori e tutori ad osservare, partecipare e\/o monitorare e guidare le loro attivit\u00e0 online.<br \/>\nBioteca non raccoglie consapevolmente alcuna informazione personale identificabile di bambini di et\u00e0 inferiore ai 13 anni. Se pensate che vostro figlio abbia fornito questo tipo di informazioni sul nostro sito web, vi invitiamo vivamente a contattarci immediatamente e faremo del nostro meglio per rimuovere prontamente tali informazioni dai nostri archivi.<\/p>\n<p>La nostra Privacy Policy si applica solo alle nostre attivit\u00e0 online ed \u00e8 valida per i visitatori del nostro sito web per quanto riguarda le informazioni che hanno condiviso e\/o raccolto nel Bioteca. Questa politica non \u00e8 applicabile a qualsiasi informazione raccolta offline o attraverso canali diversi da questo sito web.<\/p>\n<p>Consenso<br \/>\nUtilizzando il nostro sito web, acconsentite alla nostra Privacy Policy e ne accettate i termini.[\/vc_column_text][\/vc_column][vc_column][vc_empty_space][vc_column_text]<\/p>\n<h4>Cookie Policy for BIOTECA<\/h4>\n<p>Cosa sono i cookie<\/p>\n<p>Come \u00e8 pratica comune a quasi tutti i siti web professionali, questo sito utilizza i cookie, che sono piccoli file che vengono scaricati sul vostro computer, per migliorare la vostra esperienza. Questa pagina descrive quali informazioni vengono raccolte, come le utilizziamo e perch\u00e9 a volte abbiamo bisogno di memorizzare questi cookie. Condividiamo anche il modo in cui \u00e8 possibile impedire la memorizzazione di questi cookie, ma ci\u00f2 potrebbe compromettere o \u201crompere\u201d alcuni elementi della funzionalit\u00e0 dei siti.<\/p>\n<p>Per informazioni pi\u00f9 generali sui cookie, consultare l\u2019articolo di Wikipedia sui cookie HTTP.<\/p>\n<p>Come utilizziamo i cookie<\/p>\n<p>Utilizziamo i cookie per una serie di motivi diversi, specificati di seguito. Purtroppo nella maggior parte dei casi non ci sono opzioni standard del settore per disabilitare i cookie senza disabilitare completamente le funzionalit\u00e0 e le caratteristiche che aggiungono a questo sito. Si consiglia di lasciare su tutti i cookie se non si \u00e8 sicuri di averne bisogno o meno nel caso in cui vengano utilizzati per fornire un servizio che si utilizza.<\/p>\n<p>Disattivazione dei cookie<\/p>\n<p>\u00c8 possibile impedire l\u2019impostazione dei cookie regolando le impostazioni del browser (vedere la Guida del browser per sapere come farlo). Tieni presente che la disabilitazione dei cookie influisce sulla funzionalit\u00e0 di questo e di molti altri siti web che visiti. La disabilitazione dei cookie di solito comporta anche la disabilitazione di alcune funzionalit\u00e0 e caratteristiche di questo sito. Si raccomanda pertanto di non disabilitare i cookie.<\/p>\n<p>I cookie che impostiamo<\/p>\n<p>\u2013 Cookie relativi al account<\/p>\n<p>Se crei un account con noi, useremo i cookie per la gestione del processo di registrazione e dell\u2019amministrazione generale. Questi cookie di solito vengono cancellati quando ti disconnetti, ma in alcuni casi possono rimanere in seguito per ricordare le tue preferenze del sito quando ti disconnetti.<\/p>\n<p>\u2013 Cookie relativi alle newsletter via e-mail<\/p>\n<p>Questo sito offre servizi di newsletter o servizi di abbonamento via e-mail e i cookie possono essere utilizzati per ricordare se sei gi\u00e0 registrato e se mostrare alcune notifiche che potrebbero essere valide solo per gli utenti iscritti\/non iscritti.<\/p>\n<p>\u2013 Trattamento degli ordini relativi ai cookie<\/p>\n<p>Questo sito offre possibilit\u00e0 di commercio elettronico o di pagamento e alcuni cookie sono essenziali per garantire che il vostro ordine sia ricordato tra le pagine in modo da poterlo elaborare correttamente.<\/p>\n<p>Cookie di terze parti<\/p>\n<p>In alcuni casi particolari utilizziamo anche cookies forniti da terze parti di fiducia. La seguente sezione descrive in dettaglio quali cookie di terze parti potreste incontrare attraverso questo sito.<\/p>\n<p>\u2013 Questo sito utilizza Google Analytics che \u00e8 una delle soluzioni di analisi pi\u00f9 diffuse e affidabili sul web per aiutarci a capire come utilizzate il sito e come possiamo migliorare la vostra esperienza. Questi cookie possono tenere traccia di cose come il tempo che trascorrete sul sito e le pagine che visitate in modo che possiamo continuare a produrre contenuti accattivanti.<\/p>\n<p>Per ulteriori informazioni sui cookie di Google Analytics, consultare la pagina ufficiale di Google Analytics.<\/p>\n<p>Ulteriori informazioni<\/p>\n<p>Speriamo che questo abbia chiarito le cose per voi e, come \u00e8 stato detto in precedenza, se c\u2019\u00e8 qualcosa che non siete sicuri se avete bisogno o meno di lasciare i cookie abilitati nel caso in cui interagisca con una delle funzioni che utilizzate sul nostro sito. Questa Cookies Policy \u00e8 stata creata con l\u2019aiuto del Cookies Policy Template Generator e del Template Terms and Conditions Template.<\/p>\n<p>Tuttavia, se siete ancora alla ricerca di ulteriori informazioni, potete contattarci attraverso uno dei nostri metodi di contatto preferiti:<\/p>\n<ul class=\"pages-ul-2\">\n<li>Email: info@bioteca.eu<\/li>\n<\/ul>\n<p>[\/vc_column_text][vc_empty_space][\/vc_column][\/vc_row]<\/p>\n","protected":false},"excerpt":{"rendered":"<p>[vc_row el_class=&#8221;cont-row dark-text privacy-page-0&#8243;][vc_column][vc_empty_space][vc_column_text] Informativa sulla privacy per Bioteca Per Bioteca, una delle nostre principali priorit\u00e0 \u00e8 la privacy dei nostri visitatori. Questo documento contiene i tipi di informazioni raccolte e registrate da Bioteca e come le utilizziamo. Se avete ulteriori domande o desiderate maggiori informazioni sulla nostra Privacy Policy, non esitate a contattarci via [&hellip;]<\/p>\n","protected":false},"author":4,"featured_media":0,"parent":0,"menu_order":0,"comment_status":"closed","ping_status":"closed","template":"","meta":[],"yoast_head":"<!-- This site is optimized with the Yoast SEO Premium plugin v15.2.1 - https:\/\/yoast.com\/wordpress\/plugins\/seo\/ -->\n<title>Informativa sulla privacy e sui cookie - Bioteca<\/title>\n<meta name=\"robots\" content=\"index, follow, max-snippet:-1, max-image-preview:large, max-video-preview:-1\" \/>\n<link rel=\"canonical\" href=\"https:\/\/bioteca.eu\/it\/informativa-sulla-privacy-e-sui-cookie\/\" \/>\n<meta property=\"og:locale\" content=\"it_IT\" \/>\n<meta property=\"og:type\" content=\"article\" \/>\n<meta property=\"og:title\" content=\"Informativa sulla privacy e sui cookie - Bioteca\" \/>\n<meta property=\"og:description\" content=\"[vc_row el_class=&#8221;cont-row dark-text privacy-page-0&#8243;][vc_column][vc_empty_space][vc_column_text] Informativa sulla privacy per Bioteca Per Bioteca, una delle nostre principali priorit\u00e0 \u00e8 la privacy dei nostri visitatori. Questo documento contiene i tipi di informazioni raccolte e registrate da Bioteca e come le utilizziamo. Se avete ulteriori domande o desiderate maggiori informazioni sulla nostra Privacy Policy, non esitate a contattarci via [&hellip;]\" \/>\n<meta property=\"og:url\" content=\"https:\/\/bioteca.eu\/it\/informativa-sulla-privacy-e-sui-cookie\/\" \/>\n<meta property=\"og:site_name\" content=\"Bioteca\" \/>\n<meta property=\"article:publisher\" content=\"https:\/\/www.facebook.com\/bioteca.eu\" \/>\n<meta property=\"article:modified_time\" content=\"2020-10-14T07:51:37+00:00\" \/>\n<meta property=\"og:image\" content=\"https:\/\/bioteca.eu\/wp-content\/uploads\/2020\/10\/bioteca_logo_1@4x.png\" \/>\n\t<meta property=\"og:image:width\" content=\"3543\" \/>\n\t<meta property=\"og:image:height\" content=\"3543\" \/>\n<meta name=\"twitter:card\" content=\"summary_large_image\" \/>\n<meta name=\"twitter:label1\" content=\"Scritto da\">\n\t<meta name=\"twitter:data1\" content=\"joco\">\n\t<meta name=\"twitter:label2\" content=\"Tempo di lettura stimato\">\n\t<meta name=\"twitter:data2\" content=\"6 minuti\">\n<script type=\"application\/ld+json\" class=\"yoast-schema-graph\">{\"@context\":\"https:\/\/schema.org\",\"@graph\":[{\"@type\":\"Organization\",\"@id\":\"https:\/\/bioteca.eu\/#organization\",\"name\":\"Bioteca\",\"url\":\"https:\/\/bioteca.eu\/\",\"sameAs\":[\"https:\/\/www.facebook.com\/bioteca.eu\",\"https:\/\/www.instagram.com\/bioteca.cbd\/\",\"https:\/\/www.linkedin.com\/company\/biotecaofficial\/\"],\"logo\":{\"@type\":\"ImageObject\",\"@id\":\"https:\/\/bioteca.eu\/#logo\",\"inLanguage\":\"it-IT\",\"url\":\"https:\/\/bioteca.eu\/wp-content\/uploads\/2020\/10\/bioteca_logo_1@4x.png\",\"width\":3543,\"height\":3543,\"caption\":\"Bioteca\"},\"image\":{\"@id\":\"https:\/\/bioteca.eu\/#logo\"}},{\"@type\":\"WebSite\",\"@id\":\"https:\/\/bioteca.eu\/#website\",\"url\":\"https:\/\/bioteca.eu\/\",\"name\":\"Bioteca\",\"description\":\"Najdi svoje ravnovesje\",\"publisher\":{\"@id\":\"https:\/\/bioteca.eu\/#organization\"},\"potentialAction\":[{\"@type\":\"SearchAction\",\"target\":\"https:\/\/bioteca.eu\/?s={search_term_string}\",\"query-input\":\"required name=search_term_string\"}],\"inLanguage\":\"it-IT\"},{\"@type\":\"WebPage\",\"@id\":\"https:\/\/bioteca.eu\/it\/informativa-sulla-privacy-e-sui-cookie\/#webpage\",\"url\":\"https:\/\/bioteca.eu\/it\/informativa-sulla-privacy-e-sui-cookie\/\",\"name\":\"Informativa sulla privacy e sui cookie - Bioteca\",\"isPartOf\":{\"@id\":\"https:\/\/bioteca.eu\/#website\"},\"datePublished\":\"2020-07-23T10:32:43+00:00\",\"dateModified\":\"2020-10-14T07:51:37+00:00\",\"inLanguage\":\"it-IT\",\"potentialAction\":[{\"@type\":\"ReadAction\",\"target\":[\"https:\/\/bioteca.eu\/it\/informativa-sulla-privacy-e-sui-cookie\/\"]}]}]}<\/script>\n<!-- \/ Yoast SEO Premium plugin. -->","_links":{"self":[{"href":"https:\/\/bioteca.eu\/it\/wp-json\/wp\/v2\/pages\/3130"}],"collection":[{"href":"https:\/\/bioteca.eu\/it\/wp-json\/wp\/v2\/pages"}],"about":[{"href":"https:\/\/bioteca.eu\/it\/wp-json\/wp\/v2\/types\/page"}],"author":[{"embeddable":true,"href":"https:\/\/bioteca.eu\/it\/wp-json\/wp\/v2\/users\/4"}],"replies":[{"embeddable":true,"href":"https:\/\/bioteca.eu\/it\/wp-json\/wp\/v2\/comments?post=3130"}],"version-history":[{"count":3,"href":"https:\/\/bioteca.eu\/it\/wp-json\/wp\/v2\/pages\/3130\/revisions"}],"predecessor-version":[{"id":3612,"href":"https:\/\/bioteca.eu\/it\/wp-json\/wp\/v2\/pages\/3130\/revisions\/3612"}],"wp:attachment":[{"href":"https:\/\/bioteca.eu\/it\/wp-json\/wp\/v2\/media?parent=3130"}],"curies":[{"name":"wp","href":"https:\/\/api.w.org\/{rel}","templated":true}]}}